{"id":3631,"date":"2010-10-08T19:31:37","date_gmt":"2010-10-09T00:31:37","guid":{"rendered":"http:\/\/emergenceweb.com\/blog\/?page_id=3631"},"modified":"2018-02-24T16:29:32","modified_gmt":"2018-02-24T21:29:32","slug":"nos-services","status":"publish","type":"page","link":"https:\/\/emergenceweb.com\/blog\/nos-services\/","title":{"rendered":"Services de formation et de consultation"},"content":{"rendered":"<p>Votre<strong> strat\u00e9gie de communication interactive<\/strong> faisant appel aux r\u00e9centes technologies de l&rsquo;information et des communications (NTIC) date de quelle ann\u00e9e au juste ? \u00a0\u00c0 l&rsquo;interne, vous \u00eates de la g\u00e9n\u00e9ration du journal imprim\u00e9 ou mis en Pdf sur un intranet informatif et <strong>infob\u00e8se<\/strong> ? En effet, vous avez profit\u00e9 de toutes ces ann\u00e9es pour accumuler dans vos pr\u00e9sentoirs, dans vos fichiers ou vos intranets, les brochures, les affiches, \u00a0les informations, les formulaires, les proc\u00e9dures en .pdf mais aussi les applications n\u00e9cessaires \u00e0 l&rsquo;analyse strat\u00e9gique ou encore au travail proprement dit. Vous avez peut-\u00eatre m\u00eame int\u00e9gr\u00e9 un outil de gestion de contenus et m\u00eame un portail d&rsquo;entreprise \u00e0 votre vieil intranet qui peine sous la t\u00e2che et qui ne peut donner de bons r\u00e9sultats de recherche ? Mais vous continuez \u00e0 surfer sur vos anciens investissements, parfois majeurs. Faut dire qu&rsquo;avec les r\u00e9centes conditions \u00e9conomiques, il y a de quoi h\u00e9siter avant de se lancer dans l&rsquo;aventure des<strong> nouvelles strat\u00e9gies de communication sociales et interactives<\/strong>.<\/p>\n<p><img loading=\"lazy\" decoding=\"async\" class=\"alignnone wp-image-8909 size-full\" src=\"https:\/\/emergenceweb.com\/blog\/wp-content\/uploads\/2018\/02\/strat\u00e9gie.jpg\" alt=\"\" width=\"643\" height=\"441\" srcset=\"https:\/\/emergenceweb.com\/blog\/wp-content\/uploads\/2018\/02\/strat\u00e9gie.jpg 643w, https:\/\/emergenceweb.com\/blog\/wp-content\/uploads\/2018\/02\/strat\u00e9gie-300x206.jpg 300w\" sizes=\"(max-width: 643px) 100vw, 643px\" \/><\/p>\n<p>Mais vous vivez avec des probl\u00e8mes&#8230; Probl\u00e8mes parce que vos publications traditionnelles sont vite obsol\u00e8tes, parce que leurs versions pdf ne sont pas lues, parce que l&rsquo;engin de recherche de votre vieil intranet ne fonctionne pas correctement car les contenus sont mal ou pas du tout index\u00e9s, probl\u00e8me car nul ne sait au juste \u00e0 qui appartient l&rsquo;intranet, probl\u00e8me car le bottin t\u00e9l\u00e9phonique ne permet pas de <strong>connecter les expertises<\/strong> \u00e0 un profil de base qui ne donne qu&rsquo;un num\u00e9ro de t\u00e9l\u00e9phone et une adresse courriel, probl\u00e8me parce que la direction ne veut rien savoir d&rsquo;investir dans un blogue un wiki ou un r\u00e9seau socioprofessionnel \u00e0 l&rsquo;interne parce que cela ferait perdre du temps et que les employ\u00e9s diraient n&rsquo;importe quoi.<\/p>\n<p>Probl\u00e8me aussi parce que vous \u00eates comme 80% des entreprises qui ont int\u00e9gr\u00e9 des outils de portail 1.0 comme SharePoint et qui \u00e9prouvent toutes les difficult\u00e9s du monde \u00e0 trouver des ressources comp\u00e9tentes pour faire \u00e9voluer ces technologies vers des<strong> objectifs de collaboration, d&rsquo;innovation\u00a0 et de productivit\u00e9<\/strong>. Probl\u00e8me aussi avec une hi\u00e9rarchie qui ne comprend pas que l&rsquo;int\u00e9gration des nouveaux usages du Web est cruciale \u00e0 la <strong>r\u00e9tention des nouveaux employ\u00e9s\u00a0<\/strong> et que ces derniers formeront 45% de la nouvelle main-d&rsquo;oeuvre d&rsquo;ici quatre ans. Probl\u00e8me aussi avec la pr\u00e9sence de vos employ\u00e9s dans les r\u00e9seaux sociaux comme Facebook. Probl\u00e8me de r\u00e9tention de vos jeunes talents, \u00a0probl\u00e8me de reconnaissance de l&rsquo;expertise de vos s\u00e9niors et aussi et surtout probl\u00e8mes reli\u00e9s \u00e0 la <strong>perte de la m\u00e9moire corporative<\/strong> avec les nombreux d\u00e9parts \u00e0 la retraite.<\/p>\n<p>Des probl\u00e8mes aussi avec vos strat\u00e9gies de B to B (Business to business) et aussi de B to C (Business to clients). Vos strat\u00e9gies sont traditionnelles et vous avez de la difficult\u00e9 \u00e0 passer en mode eCommerce ou \u00e0 transiger avec vos partenaires et fournisseurs autrement que par le mode traditionnel du contact direct ? Vos sites Web, si vous en avez, datent de plusieurs ann\u00e9es et ne sont qu&rsquo;un amalgame d&rsquo;informations qui ne changent jamais ou rarement ? L&rsquo;engagement, la conversation ou la collaboration avec vos clients et partenaires sont inexistants ? C&rsquo;est que vous avez besoin d&rsquo;aide et cette aide strat\u00e9gique comprend aussi la formation&#8230;<\/p>\n<p><strong>L&rsquo;essentielle formation<\/strong><\/p>\n<p>En effet, comment en arriver \u00e0 une strat\u00e9gie de communication ou de marketing alors que vos ambassadeurs (vos employ\u00e9s) ne ma\u00eetrisent pas les nouvelles technologies et leurs usages. Vous cherchez les personnes vraiment comp\u00e9tentes avec de nombreuses ann\u00e9es d&rsquo;exp\u00e9rience, <strong>capables de former vos employ\u00e9s et m\u00eame vos cadres<\/strong> aux enjeux strat\u00e9giques auxquels r\u00e9pondront les nouvelles technologies mais aussi la communication interactive et un mode de gestion participatif ? Ou encore vous cherchez simplement une formation de base, une initiation\u00a0 aux outils comme les blogues et les wikis?<\/p>\n<p>Si ce portrait ressemble en tout ou en partie \u00e0 votre r\u00e9alit\u00e9, c&rsquo;est que vous avez besoin de mes services-conseil mais aussi d&rsquo;int\u00e9gration et de formation. Et lisez \u00e9galement ce billet de mon blogue qui parle de <strong>l&rsquo;immaturit\u00e9 num\u00e9rique de nos dirigeants<\/strong> : <a href=\"http:\/\/emergenceweb.com\/blog\/2013\/10\/nos-dirigeants-dentreprise-sont-atteints-dimmaturite-numerique\/\">http:\/\/emergenceweb.com\/blog\/2013\/10\/nos-dirigeants-dentreprise-sont-atteints-dimmaturite-numerique\/<\/a>\u00a0ou celui-ci qui traite de strat\u00e9gie de communication interactive <a href=\"http:\/\/emergenceweb.com\/blog\/2013\/10\/blogue-tu-es-blogue-et-sur-ce-blogue-je-batirai-ma-strategie-de-web-social\/\">:\u00a0http:\/\/emergenceweb.com\/blog\/2013\/10\/blogue-tu-es-blogue-et-sur-ce-blogue-je-batirai-ma-strategie-de-web-social\/<\/a><\/p>\n<p><strong>MES SERVICES EN BREF:<\/strong><\/p>\n<p><strong>Formation aux nouvelles technologies de communication interactive<\/strong><\/p>\n<ol>\n<li>Cours en communication interactive en entreprise \u00e0 l&rsquo;Universit\u00e9 de Montr\u00e9al<\/li>\n<li>Cours d&rsquo;initiation au Web social \u00e0 l&rsquo;Antenne universitaire du Troisi\u00e8me \u00c2ge de Mont\u00e9r\u00e9gie<\/li>\n<li>Cours et ateliers de formation aux nouvelles technologies en entreprise<\/li>\n<li>Conf\u00e9rences publiques<\/li>\n<\/ol>\n<p><strong>Consultation en d\u00e9veloppement de strat\u00e9gies Web sociales pour les entreprises et organisations<\/strong><\/p>\n<ol>\n<li>Audits de sites Internet ou intranet visant une refonte ou une mise \u00e0 jour<\/li>\n<li>Strat\u00e9gies d&rsquo;int\u00e9gration de web social \u00e0 l&rsquo;interne B to E<\/li>\n<li>Strat\u00e9gies de Web social en B to B ou B to C<\/li>\n<li>Strat\u00e9gies de gestion de la connaissance (KM)<\/li>\n<li>Strat\u00e9gies de cr\u00e9ation d&rsquo;une m\u00e9moire d&rsquo;entreprise<\/li>\n<\/ol>\n<p><strong>Organisation de conf\u00e9rences internationales sur le Web (Th\u00e9matiques, contenus et conf\u00e9renciers)<\/strong><\/p>\n<ol>\n<li>Intracom 1999-2005<\/li>\n<li>webcom 2006-2012:\u00a0<a href=\"http:\/\/www.lapresse.ca\/arts\/medias\/201005\/25\/01-4283427-webcom-montreal-le-rendez-vous-de-la-communaute-20.php\">http:\/\/www.lapresse.ca\/arts\/medias\/201005\/25\/01-4283427-webcom-montreal-le-rendez-vous-de-la-communaute-20.php<\/a><\/li>\n<li>Boule de Cristal 2012<\/li>\n<li><a href=\"http:\/\/citedigitale.bordeaux.fr\/catalogue\/les-intervenants\/claude-malaison.html#.U08EAeZ5Opl\">La Semaine Digitale &#8211; Bordeaux 2013<\/a><\/li>\n<\/ol>\n<p><strong>Direction d\u2019ouvrages collectifs sur le Web<\/strong><\/p>\n<ul>\n<li><a href=\"http:\/\/www.amazon.fr\/exec\/obidos\/ASIN\/2922417506\/403-9793367-0591646\">http:\/\/www.amazon.fr\/exec\/obidos\/ASIN\/2922417506\/403-9793367-0591646<\/a><\/li>\n<li><a href=\"http:\/\/www.conseilaction.com\/viewPage.php?id=125\">http:\/\/www.conseilaction.com\/viewPage.php?id=125<\/a><\/li>\n<li><a href=\"http:\/\/www.pourquoibloguer.com\/\">http:\/\/www.pourquoibloguer.com<\/a><\/li>\n<\/ul>\n<p><strong>Veille technologique en mati\u00e8re de Web 2.0 et Entreprise sociale sur les blogues suivants\u00a0:<\/strong><\/p>\n<ul>\n<li><a href=\"http:\/\/emergenceweb.com\/blog\/\">http:\/\/emergenceweb.com\/blog\/<\/a><\/li>\n<li><a href=\"http:\/\/quebec.huffingtonpost.ca\/claude-malaison\/\">http:\/\/quebec.huffingtonpost.ca\/claude-malaison\/<\/a><\/li>\n<\/ul>\n<p><strong>AUSSI&#8230;<\/strong><\/p>\n<p>Rejoignez-moi sur mon\u00a0<a href=\"https:\/\/www.facebook.com\/groups\/entreprise20\/\">groupe Facebook <\/a>d\u00e9di\u00e9 au partage d&rsquo;expertise entre professionnels des intranets et de l&rsquo;entreprise sociale.<\/p>\n<p>Et si vous \u00eates un ou une expert(e)\u00a0en communication num\u00e9rique, rejoignez mon\u00a0<a href=\"http:\/\/www.linkedin.com\/groups?gid=4785186&amp;trk=hb_side_g\">groupe sur LinkedIn<\/a><\/p>\n","protected":false},"excerpt":{"rendered":"<p>Votre strat\u00e9gie de communication interactive faisant appel aux r\u00e9centes technologies de l&rsquo;information et des communications (NTIC) date de quelle ann\u00e9e au juste ? \u00a0\u00c0 l&rsquo;interne, vous \u00eates de la g\u00e9n\u00e9ration du journal imprim\u00e9 ou mis en Pdf sur un intranet informatif et infob\u00e8se ? En effet, vous avez profit\u00e9 de toutes ces ann\u00e9es pour accumuler dans vos pr\u00e9sentoirs, dans vos fichiers ou vos intranets, les brochures, les affiches, \u00a0les informations, les formulaires, les proc\u00e9dures en .pdf mais aussi les applications n\u00e9cessaires \u00e0 l&rsquo;analyse strat\u00e9gique ou encore au travail proprement dit. Vous avez peut-\u00eatre m\u00eame int\u00e9gr\u00e9 un outil de gestion de contenus et m\u00eame un portail d&rsquo;entreprise \u00e0 votre vieil intranet qui peine sous la t\u00e2che et qui ne peut donner de bons r\u00e9sultats de recherche ? Mais vous continuez \u00e0 surfer sur vos anciens investissements, parfois majeurs. Faut dire qu&rsquo;avec les r\u00e9centes conditions \u00e9conomiques, il y a de quoi h\u00e9siter avant de se lancer dans l&rsquo;aventure des nouvelles strat\u00e9gies de communication sociales et interactives. Mais vous vivez avec des probl\u00e8mes&#8230; Probl\u00e8mes parce que vos publications traditionnelles sont vite obsol\u00e8tes, parce que leurs versions pdf ne sont pas lues, parce que l&rsquo;engin de recherche de votre vieil intranet ne fonctionne pas [&hellip;]<\/p>\n","protected":false},"author":1,"featured_media":0,"parent":0,"menu_order":3,"comment_status":"open","ping_status":"open","template":"","meta":{"_monsterinsights_skip_tracking":false,"_monsterinsights_sitenote_active":false,"_monsterinsights_sitenote_note":"","_monsterinsights_sitenote_category":0,"footnotes":""},"class_list":["post-3631","page","type-page","status-publish","hentry"],"_links":{"self":[{"href":"https:\/\/emergenceweb.com\/blog\/wp-json\/wp\/v2\/pages\/3631"}],"collection":[{"href":"https:\/\/emergenceweb.com\/blog\/wp-json\/wp\/v2\/pages"}],"about":[{"href":"https:\/\/emergenceweb.com\/blog\/wp-json\/wp\/v2\/types\/page"}],"author":[{"embeddable":true,"href":"https:\/\/emergenceweb.com\/blog\/wp-json\/wp\/v2\/users\/1"}],"replies":[{"embeddable":true,"href":"https:\/\/emergenceweb.com\/blog\/wp-json\/wp\/v2\/comments?post=3631"}],"version-history":[{"count":4,"href":"https:\/\/emergenceweb.com\/blog\/wp-json\/wp\/v2\/pages\/3631\/revisions"}],"predecessor-version":[{"id":8910,"href":"https:\/\/emergenceweb.com\/blog\/wp-json\/wp\/v2\/pages\/3631\/revisions\/8910"}],"wp:attachment":[{"href":"https:\/\/emergenceweb.com\/blog\/wp-json\/wp\/v2\/media?parent=3631"}],"curies":[{"name":"wp","href":"https:\/\/api.w.org\/{rel}","templated":true}]}}