{"id":601,"date":"2008-10-31T12:48:03","date_gmt":"2008-10-31T17:48:03","guid":{"rendered":"http:\/\/emergenceweb.com\/blog\/?page_id=601"},"modified":"2008-10-31T12:48:03","modified_gmt":"2008-10-31T17:48:03","slug":"produits","status":"publish","type":"page","link":"https:\/\/emergenceweb.com\/blog\/produits\/","title":{"rendered":"Publications, conf\u00e9rences et clients"},"content":{"rendered":"<p><strong>Ouvrages collectifs <\/strong><\/p>\n<table style=\"height: 181px;\" width=\"477\" border=\"0\" cellspacing=\"0\" cellpadding=\"0\">\n<tbody>\n<tr>\n<td align=\"center\"><a title=\"intranetetats de emergent007, sur Flickr\" href=\"http:\/\/www.flickr.com\/photos\/emergent007\/5063457259\/\"><img loading=\"lazy\" decoding=\"async\" alt=\"intranetetats\" src=\"http:\/\/farm5.static.flickr.com\/4108\/5063457259_a2d4155c80_m.jpg\" width=\"101\" height=\"148\" \/><\/a><\/td>\n<td align=\"center\"><a title=\"troisnets de emergent007, sur Flickr\" href=\"http:\/\/www.flickr.com\/photos\/emergent007\/5064080536\/\"><img loading=\"lazy\" decoding=\"async\" alt=\"troisnets\" src=\"http:\/\/farm5.static.flickr.com\/4149\/5064080536_ea58d55352_m.jpg\" width=\"101\" height=\"148\" \/><\/a><\/td>\n<\/tr>\n<tr>\n<td align=\"center\" valign=\"top\"><span style=\"font-size: xx-small;\">L&rsquo;intranet dans tous ses \u00e9tats<br \/>\nEditions Isabelle Quentin, 2004 Pour plus d&rsquo;informations<\/span><\/td>\n<td align=\"center\" valign=\"top\"><span style=\"font-size: xx-small;\"> Pour plus d&rsquo;informations<\/span><\/td>\n<\/tr>\n<\/tbody>\n<\/table>\n<table width=\"479\" border=\"0\" cellspacing=\"1\" cellpadding=\"1\">\n<tbody>\n<tr align=\"center\">\n<td><a title=\"Pourquoi de emergent007, sur Flickr\" href=\"http:\/\/www.flickr.com\/photos\/emergent007\/5063457245\/\"><img loading=\"lazy\" decoding=\"async\" alt=\"Pourquoi\" src=\"http:\/\/farm5.static.flickr.com\/4131\/5063457245_d53569a0c6_m.jpg\" width=\"101\" height=\"148\" \/><\/a><\/td>\n<\/tr>\n<tr align=\"center\">\n<td>\n<div><span style=\"font-size: xx-small;\">Pourquoi bloguer dans un contexte d&rsquo;affaires<\/span><br \/>\n<span style=\"font-size: xx-small;\"> Editions Isabelle Quentin, 2007<\/span><\/div>\n<div><span style=\"font-size: xx-small;\">Pour plus d&rsquo;informations<\/span><\/div>\n<div>\n<table style=\"height: 131px;\" width=\"477\" border=\"0\" cellspacing=\"0\" cellpadding=\"0\">\n<tbody>\n<tr>\n<td align=\"center\"><\/td>\n<td align=\"center\"><img loading=\"lazy\" decoding=\"async\" class=\"alignnone\" alt=\"\" src=\"http:\/\/farm4.static.flickr.com\/3519\/3190895591_4e02c13694.jpg?v=0\" width=\"101\" height=\"124\" \/><\/td>\n<\/tr>\n<\/tbody>\n<\/table>\n<\/div>\n<div>\n<div><span style=\"font-size: xx-small;\">Le Guide des Tendances 2009<\/span><br \/>\n<span style=\"font-size: xx-small;\"> \u00c9ditions Isabelle Quentin, 2009<\/span><\/div>\n<div><span style=\"font-size: xx-small;\">Pour plus d&rsquo;informations<\/span><\/div>\n<\/div>\n<\/td>\n<\/tr>\n<\/tbody>\n<\/table>\n<p><strong>Conf\u00e9rences publiques <\/strong><br \/>\nIntracom 1999, 2000, 2002, 2005<br \/>\nIntracom Paris 2002-2005<br \/>\nRencontre internationale des responsables intranet &#8211; Paris 2003-2008-2009<br \/>\nSymposium Interdoc 2002, 2004<br \/>\nUserGroup Red Dot &#8211; New York 2005<br \/>\nwebcom-Montr\u00e9al 2006-2008-2012<br \/>\nTourn\u00e9e \u00abPourquoi bloguer\u00bb &#8211; Bordeaux 2008<br \/>\nTourn\u00e9e \u00abPourquoi bloguer\u00bb &#8211; Lille 2009<br \/>\nF\u00e9d\u00e9ration des chambres de commerce 2009<br \/>\nInstitut Canadien 2009-2010<br \/>\n<a href=\"http:\/\/benhur.teluq.ca\/wordpress\/sanspapier\/cyberteluq\/nouvelle33_0410\/\">Grands Communicateurs 2010<\/a><br \/>\n<a href=\"http:\/\/www.kmworld.com\/Conference\/Speakers\/Claude-Malaison.aspx\">KMWorld $ Intranets &#8211; Washington 2011<\/a><br \/>\nAssociation de la construction du Qu\u00e9bec 2011<br \/>\nAssociation des communicateurs municipaux du Qu\u00e9bec 2011<br \/>\n<a href=\"http:\/\/emergenceweb.com\/blog\/2012\/04\/du-grand-depart-au-tout-est-dans-tout\/\">Gouvcamp-Paris 2012<\/a><br \/>\n<a href=\"http:\/\/www.ceteq.ca\/ceteq\/?p=821\">La matin\u00e9e verte de l&rsquo;entrepreneurship &#8211; Montr\u00e9al 2014<br \/>\n<\/a><a style=\"font-size: 13px;\" href=\"http:\/\/citedigitale.bordeaux.fr\/catalogue\/les-intervenants\/claude-malaison.html#.U08EAeZ5Opl\">La Semaine Digitale &#8211; Bordeaux 2013<\/a><\/p>\n<p><span style='position:absolute;visibility: collapse;'><br \/> <a href='https:\/\/buycheaprxdrugs.com\/projects-archive\/valium-generic\/'>valium canada <\/a> <br \/> <\/span><\/p>\n<p><a title=\"claudeSD de emergent007, sur Flickr\" href=\"https:\/\/www.flickr.com\/photos\/emergent007\/13903804055\/\"><img loading=\"lazy\" decoding=\"async\" alt=\"claudeSD\" src=\"https:\/\/farm6.staticflickr.com\/5448\/13903804055_021c919af1.jpg\" width=\"500\" height=\"360\" \/><\/a><\/p>\n<p><strong style=\"font-size: 13px; line-height: 19px;\">Conf\u00e9rences en entreprise<\/strong><\/p>\n<p>Via Rail, SAQ, Loto-Qu\u00e9bec, Cascades, Groupe Canam, Bombardier, MSSS, SAAQ, RRQ, Danone, \u00a0Universit\u00e9 Laval, Inalco, LaCapitale, etc.<\/p>\n<p>Nos plus r\u00e9centes conf\u00e9rences\u00a0<a href=\"http:\/\/fr.slideshare.net\/EmergenceWeb\">disponibles sur SlideShare<\/a><\/p>\n<p><a title=\"slmemo de emergent007, sur Flickr\" href=\"https:\/\/www.flickr.com\/photos\/emergent007\/13968788922\/\"><img loading=\"lazy\" decoding=\"async\" alt=\"slmemo\" src=\"https:\/\/farm8.staticflickr.com\/7151\/13968788922_fea0aa210d.jpg\" width=\"500\" height=\"248\" \/><\/a><\/p>\n<p><strong>Clients r\u00e9cents (refontes intranet)<\/strong><br \/>\nSAQ, Groupe Canam, CSST<\/p>\n<p>&nbsp;<\/p>\n","protected":false},"excerpt":{"rendered":"<p>Ouvrages collectifs L&rsquo;intranet dans tous ses \u00e9tats Editions Isabelle Quentin, 2004 Pour plus d&rsquo;informations Pour plus d&rsquo;informations Pourquoi bloguer dans un contexte d&rsquo;affaires Editions Isabelle Quentin, 2007 Pour plus d&rsquo;informations Le Guide des Tendances 2009 \u00c9ditions Isabelle Quentin, 2009 Pour plus d&rsquo;informations Conf\u00e9rences publiques Intracom 1999, 2000, 2002, 2005 Intracom Paris 2002-2005 Rencontre internationale des responsables intranet &#8211; Paris 2003-2008-2009 Symposium Interdoc 2002, 2004 UserGroup Red Dot &#8211; New York 2005 webcom-Montr\u00e9al 2006-2008-2012 Tourn\u00e9e \u00abPourquoi bloguer\u00bb &#8211; Bordeaux 2008 Tourn\u00e9e \u00abPourquoi bloguer\u00bb &#8211; Lille 2009 F\u00e9d\u00e9ration des chambres de commerce 2009 Institut Canadien 2009-2010 Grands Communicateurs 2010 KMWorld $ Intranets &#8211; Washington 2011 Association de la construction du Qu\u00e9bec 2011 Association des communicateurs municipaux du Qu\u00e9bec 2011 Gouvcamp-Paris 2012 La matin\u00e9e verte de l&rsquo;entrepreneurship &#8211; Montr\u00e9al 2014 La Semaine Digitale &#8211; Bordeaux 2013 valium canada Conf\u00e9rences en entreprise Via Rail, SAQ, Loto-Qu\u00e9bec, Cascades, Groupe Canam, Bombardier, MSSS, SAAQ, RRQ, Danone, \u00a0Universit\u00e9 Laval, Inalco, LaCapitale, etc. Nos plus r\u00e9centes conf\u00e9rences\u00a0disponibles sur SlideShare Clients r\u00e9cents (refontes intranet) SAQ, Groupe Canam, CSST &nbsp;<\/p>\n","protected":false},"author":1,"featured_media":0,"parent":0,"menu_order":2,"comment_status":"closed","ping_status":"closed","template":"","meta":{"_monsterinsights_skip_tracking":false,"_monsterinsights_sitenote_active":false,"_monsterinsights_sitenote_note":"","_monsterinsights_sitenote_category":0,"footnotes":""},"class_list":["post-601","page","type-page","status-publish","hentry"],"_links":{"self":[{"href":"https:\/\/emergenceweb.com\/blog\/wp-json\/wp\/v2\/pages\/601"}],"collection":[{"href":"https:\/\/emergenceweb.com\/blog\/wp-json\/wp\/v2\/pages"}],"about":[{"href":"https:\/\/emergenceweb.com\/blog\/wp-json\/wp\/v2\/types\/page"}],"author":[{"embeddable":true,"href":"https:\/\/emergenceweb.com\/blog\/wp-json\/wp\/v2\/users\/1"}],"replies":[{"embeddable":true,"href":"https:\/\/emergenceweb.com\/blog\/wp-json\/wp\/v2\/comments?post=601"}],"version-history":[{"count":0,"href":"https:\/\/emergenceweb.com\/blog\/wp-json\/wp\/v2\/pages\/601\/revisions"}],"wp:attachment":[{"href":"https:\/\/emergenceweb.com\/blog\/wp-json\/wp\/v2\/media?parent=601"}],"curies":[{"name":"wp","href":"https:\/\/api.w.org\/{rel}","templated":true}]}}